{"id":10,"date":"2024-10-04T00:34:41","date_gmt":"2024-10-04T00:34:41","guid":{"rendered":"https:\/\/recitsdaventures.fr\/?page_id=10"},"modified":"2024-10-28T03:19:04","modified_gmt":"2024-10-28T03:19:04","slug":"bienvenue-sur-recits-daventures","status":"publish","type":"page","link":"https:\/\/recitsdaventures.fr\/","title":{"rendered":"Bienvenue sur R\u00e9cits d&rsquo;Aventures"},"content":{"rendered":"\n<ul class=\"wp-block-list\">\n<li><a href=\"https:\/\/barbetendance.fr\/\">https:\/\/barbetendance.fr\/<\/a><\/li>\n\n\n\n<li><\/li>\n\n\n\n<li><a href=\"https:\/\/recitsdaventures.fr\/category\/carnets-de-voyage\/europe\/espagne\/\">Espagne<\/a><\/li>\n<\/ul>\n\n\n\n<h2 class=\"wp-block-heading\"><a href=\"https:\/\/recitsdaventures.fr\/2017\/08\/31\/road-trip-nord-espagne-ouest\/\">Road trip&nbsp;: le Nord-Ouest de l\u2019Espagne en 10 jours<\/a><\/h2>\n\n\n\n<ul class=\"wp-block-list\">\n<li>Posted on <a href=\"https:\/\/recitsdaventures.fr\/2017\/08\/31\/road-trip-nord-espagne-ouest\/\">31 ao\u00fbt 201728 ao\u00fbt 2018<\/a><\/li>\n\n\n\n<li>par<a href=\"https:\/\/recitsdaventures.fr\/author\/alexislemee\/\">Alexis<\/a><\/li>\n\n\n\n<li><a href=\"https:\/\/recitsdaventures.fr\/category\/carnets-de-voyage\/europe\/france\/bretagne\/\">Bretagne<\/a><\/li>\n<\/ul>\n\n\n\n<h2 class=\"wp-block-heading\"><a href=\"https:\/\/recitsdaventures.fr\/2020\/07\/24\/bretagne-mes-lieux-meconnus-preferes\/\">Bretagne, mes lieux m\u00e9connus pr\u00e9f\u00e9r\u00e9s<\/a><\/h2>\n\n\n\n<ul class=\"wp-block-list\">\n<li>Posted on <a href=\"https:\/\/recitsdaventures.fr\/2020\/07\/24\/bretagne-mes-lieux-meconnus-preferes\/\">24 juillet 202024 juillet 2020<\/a><\/li>\n\n\n\n<li>par<a href=\"https:\/\/recitsdaventures.fr\/author\/alexislemee\/\">Alexis<\/a><\/li>\n\n\n\n<li><a href=\"https:\/\/recitsdaventures.fr\/category\/carnets-de-voyage\/europe\/france\/bretagne\/\">Bretagne<\/a><\/li>\n<\/ul>\n\n\n\n<h2 class=\"wp-block-heading\"><a href=\"https:\/\/recitsdaventures.fr\/2019\/05\/21\/road-trip-bretagne\/\">Road trip : la Bretagne en 15 jours<\/a><\/h2>\n\n\n\n<ul class=\"wp-block-list\">\n<li>Posted on <a href=\"https:\/\/recitsdaventures.fr\/2019\/05\/21\/road-trip-bretagne\/\">21 mai 20193 juin 2020<\/a><\/li>\n\n\n\n<li>par<a href=\"https:\/\/recitsdaventures.fr\/author\/alexislemee\/\">Alexis<\/a><\/li>\n\n\n\n<li><a href=\"https:\/\/recitsdaventures.fr\/category\/carnets-de-voyage\/europe\/france\/bretagne\/\">Bretagne<\/a><\/li>\n<\/ul>\n\n\n\n<h2 class=\"wp-block-heading\"><a href=\"https:\/\/recitsdaventures.fr\/2020\/06\/14\/voyage-fouesnant-bretagne\/\">Fouesnant, \u00e0 la d\u00e9couverte de ma ville de c\u0153ur<\/a><\/h2>\n\n\n\n<ul class=\"wp-block-list\">\n<li>Posted on <a href=\"https:\/\/recitsdaventures.fr\/2020\/06\/14\/voyage-fouesnant-bretagne\/\">14 juin 202014 juin 2020<\/a><\/li>\n\n\n\n<li>par<a href=\"https:\/\/recitsdaventures.fr\/author\/alexislemee\/\">Alexis<\/a><\/li>\n\n\n\n<li><a href=\"https:\/\/recitsdaventures.fr\/category\/carnets-de-voyage\/europe\/france\/normandie\/\">Normandie<\/a><\/li>\n<\/ul>\n\n\n\n<h2 class=\"wp-block-heading\"><a href=\"https:\/\/recitsdaventures.fr\/2019\/08\/08\/fecamp-week-end-insolite\/\">F\u00e9camp, week-end totalement insolite<\/a><\/h2>\n\n\n\n<ul class=\"wp-block-list\">\n<li>Posted on <a href=\"https:\/\/recitsdaventures.fr\/2019\/08\/08\/fecamp-week-end-insolite\/\">8 ao\u00fbt 20198 ao\u00fbt 2019<\/a><\/li>\n\n\n\n<li>par<a href=\"https:\/\/recitsdaventures.fr\/author\/alexislemee\/\">Alexis<\/a><\/li>\n\n\n\n<li><a href=\"https:\/\/recitsdaventures.fr\/category\/carnets-de-voyage\/amerique\/perou\/\">P\u00e9rou<\/a><\/li>\n<\/ul>\n\n\n\n<h2 class=\"wp-block-heading\"><a href=\"https:\/\/recitsdaventures.fr\/2018\/08\/16\/huacachina-desert-perou-ski\/\">J\u2019ai ski\u00e9 dans le d\u00e9sert de Huacachina au P\u00e9rou !<\/a><\/h2>\n\n\n\n<ul class=\"wp-block-list\">\n<li>Posted on <a href=\"https:\/\/recitsdaventures.fr\/2018\/08\/16\/huacachina-desert-perou-ski\/\">16 ao\u00fbt 2018 19 juin 2020<\/a><\/li>\n\n\n\n<li>par<a href=\"https:\/\/recitsdaventures.fr\/author\/alexislemee\/\">Alexis<\/a><\/li>\n<\/ul>\n\n\n\n<p><a href=\"https:\/\/recitsdaventures.fr\/2020\/07\/24\/bretagne-mes-lieux-meconnus-preferes\/\">Lire l&rsquo;Article<\/a><\/p>\n\n\n\n<ul class=\"wp-block-list\">\n<li>5 min<\/li>\n<\/ul>\n\n\n\n<p>A force de balades, de recherches, d\u2019explorations et de road-trips en Bretagne, je pense commencer \u00e0 pas mal conna\u00eetre la r\u00e9gion. J\u2019ai d\u00e9j\u00e0 consacr\u00e9 un certain nombre d\u2019articles \u00e0 des\u2026<\/p>\n\n\n\n<p><a href=\"https:\/\/recitsdaventures.fr\/2020\/06\/14\/voyage-fouesnant-bretagne\/\">Lire l&rsquo;Article<\/a><\/p>\n\n\n\n<ul class=\"wp-block-list\">\n<li>6 min<\/li>\n<\/ul>\n\n\n\n<p>Ah\u2026 la Bretagne, ah\u2026 Fouesnant ! C\u2019est clairement l\u2019une de mes villes de c\u0153ur. J\u2019y ai pass\u00e9 des \u00e9t\u00e9s, puis v\u00e9cu et j\u2019y retourne encore tr\u00e8s r\u00e9guli\u00e8rement depuis que je\u2026<\/p>\n\n\n\n<p><a href=\"https:\/\/recitsdaventures.fr\/2020\/01\/14\/mes-projets-de-voyages-pour-2020\/\">Lire l&rsquo;Article<\/a><\/p>\n\n\n\n<ul class=\"wp-block-list\">\n<li>4 min<\/li>\n<\/ul>\n\n\n\n<p>Comme tous les ans, qui dit nouvelle ann\u00e9e dit projets de voyages pour les mois \u00e0 venir. Apr\u00e8s une ann\u00e9e 2019 hyper chouette et tr\u00e8s diff\u00e9rente de ce que j\u2019imaginais\u2026<\/p>\n\n\n\n<p><a href=\"https:\/\/recitsdaventures.fr\/2019\/12\/20\/mon-sejour-curieux-et-insolite-a-tokyo\/\">Lire l&rsquo;Article<\/a><\/p>\n\n\n\n<ul class=\"wp-block-list\">\n<li>10 min<\/li>\n<\/ul>\n\n\n\n<p>Il y a quelques semaines, j\u2019ai pu r\u00e9aliser un r\u00eave de gosse : d\u00e9couvrir Tokyo pendant plus de 10 jours. Il s\u2019agit de mon deuxi\u00e8me s\u00e9jour au Japon, \u00e9tant donn\u00e9\u2026<\/p>\n\n\n\n<p><a href=\"https:\/\/recitsdaventures.fr\/2019\/08\/13\/visite-landalousie-10-jours\/\">Lire l&rsquo;Article<\/a><\/p>\n\n\n\n<ul class=\"wp-block-list\">\n<li>5 min<\/li>\n<\/ul>\n\n\n\n<p>Ah l\u2019Espagne ! Certainement l\u2019un des pays dans lequel j\u2019ai le plus voyag\u00e9. C\u2019est toujours un plaisir de m\u2019y rendre et je te partage cette fois-ci mon itin\u00e9raire de 10\u2026<\/p>\n\n\n\n<p><a href=\"https:\/\/recitsdaventures.fr\/2019\/08\/08\/fecamp-week-end-insolite\/\">Lire l&rsquo;Article<\/a><\/p>\n\n\n\n<ul class=\"wp-block-list\">\n<li>12 min<\/li>\n<\/ul>\n\n\n\n<p>D\u00e9but juin, je suis parti le temps d\u2019un week-end en Normandie, dans l\u2019\u00e9tonnante ville de F\u00e9camp. L\u2019id\u00e9e de cette fin de semaine : d\u00e9connecter et faire des d\u00e9couvertes hors des\u2026<\/p>\n","protected":false},"excerpt":{"rendered":"<p>Road trip&nbsp;: le Nord-Ouest de l\u2019Espagne en 10 jours Bretagne, mes lieux m\u00e9connus pr\u00e9f\u00e9r\u00e9s Road trip : la Bretagne en 15 jours Fouesnant, \u00e0 la d\u00e9couverte de ma ville de c\u0153ur F\u00e9camp, week-end totalement insolite J\u2019ai ski\u00e9 dans le d\u00e9sert de Huacachina au P\u00e9rou ! Lire l&rsquo;Article A force de balades, de recherches, d\u2019explorations et &#8230; <a title=\"Bienvenue sur R\u00e9cits d&rsquo;Aventures\" class=\"read-more\" href=\"https:\/\/recitsdaventures.fr\/\" aria-label=\"En savoir plus sur Bienvenue sur R\u00e9cits d&rsquo;Aventures\">Lire la suite<\/a><\/p>\n","protected":false},"author":1,"featured_media":0,"parent":0,"menu_order":0,"comment_status":"closed","ping_status":"closed","template":"","meta":{"footnotes":""},"class_list":["post-10","page","type-page","status-publish"],"yoast_head":"<!-- This site is optimized with the Yoast SEO plugin v23.7 - https:\/\/yoast.com\/wordpress\/plugins\/seo\/ -->\n<title>Bienvenue sur R\u00e9cits d&#039;Aventures - R\u00e9cits D&#039;Aventures<\/title>\n<meta name=\"robots\" content=\"index, follow, max-snippet:-1, max-image-preview:large, max-video-preview:-1\" \/>\n<link rel=\"canonical\" href=\"https:\/\/recitsdaventures.fr\/\" \/>\n<meta property=\"og:locale\" content=\"fr_FR\" \/>\n<meta property=\"og:type\" content=\"article\" \/>\n<meta property=\"og:title\" content=\"Bienvenue sur R\u00e9cits d&#039;Aventures - R\u00e9cits D&#039;Aventures\" \/>\n<meta property=\"og:description\" content=\"Road trip&nbsp;: le Nord-Ouest de l\u2019Espagne en 10 jours Bretagne, mes lieux m\u00e9connus pr\u00e9f\u00e9r\u00e9s Road trip : la Bretagne en 15 jours Fouesnant, \u00e0 la d\u00e9couverte de ma ville de c\u0153ur F\u00e9camp, week-end totalement insolite J\u2019ai ski\u00e9 dans le d\u00e9sert de Huacachina au P\u00e9rou ! Lire l&rsquo;Article A force de balades, de recherches, d\u2019explorations et ... Lire la suite\" \/>\n<meta property=\"og:url\" content=\"https:\/\/recitsdaventures.fr\/\" \/>\n<meta property=\"og:site_name\" content=\"R\u00e9cits D&#039;Aventures\" \/>\n<meta property=\"article:modified_time\" content=\"2024-10-28T03:19:04+00:00\" \/>\n<meta name=\"twitter:card\" content=\"summary_large_image\" \/>\n<meta name=\"twitter:label1\" content=\"Dur\u00e9e de lecture estim\u00e9e\" \/>\n\t<meta name=\"twitter:data1\" content=\"2 minutes\" \/>\n<script type=\"application\/ld+json\" class=\"yoast-schema-graph\">{\"@context\":\"https:\/\/schema.org\",\"@graph\":[{\"@type\":\"WebPage\",\"@id\":\"https:\/\/recitsdaventures.fr\/\",\"url\":\"https:\/\/recitsdaventures.fr\/\",\"name\":\"Bienvenue sur R\u00e9cits d'Aventures - R\u00e9cits D&#039;Aventures\",\"isPartOf\":{\"@id\":\"https:\/\/recitsdaventures.fr\/#website\"},\"datePublished\":\"2024-10-04T00:34:41+00:00\",\"dateModified\":\"2024-10-28T03:19:04+00:00\",\"breadcrumb\":{\"@id\":\"https:\/\/recitsdaventures.fr\/#breadcrumb\"},\"inLanguage\":\"fr-FR\",\"potentialAction\":[{\"@type\":\"ReadAction\",\"target\":[\"https:\/\/recitsdaventures.fr\/\"]}]},{\"@type\":\"BreadcrumbList\",\"@id\":\"https:\/\/recitsdaventures.fr\/#breadcrumb\",\"itemListElement\":[{\"@type\":\"ListItem\",\"position\":1,\"name\":\"Accueil\",\"item\":\"https:\/\/recitsdaventures.fr\/\"},{\"@type\":\"ListItem\",\"position\":2,\"name\":\"Bienvenue sur R\u00e9cits d&rsquo;Aventures\"}]},{\"@type\":\"WebSite\",\"@id\":\"https:\/\/recitsdaventures.fr\/#website\",\"url\":\"https:\/\/recitsdaventures.fr\/\",\"name\":\"R\u00e9cits D'Aventures\",\"description\":\"recit\",\"potentialAction\":[{\"@type\":\"SearchAction\",\"target\":{\"@type\":\"EntryPoint\",\"urlTemplate\":\"https:\/\/recitsdaventures.fr\/?s={search_term_string}\"},\"query-input\":{\"@type\":\"PropertyValueSpecification\",\"valueRequired\":true,\"valueName\":\"search_term_string\"}}],\"inLanguage\":\"fr-FR\"}]}<\/script>\n<!-- \/ Yoast SEO plugin. -->","yoast_head_json":{"title":"Bienvenue sur R\u00e9cits d'Aventures - R\u00e9cits D&#039;Aventures","robots":{"index":"index","follow":"follow","max-snippet":"max-snippet:-1","max-image-preview":"max-image-preview:large","max-video-preview":"max-video-preview:-1"},"canonical":"https:\/\/recitsdaventures.fr\/","og_locale":"fr_FR","og_type":"article","og_title":"Bienvenue sur R\u00e9cits d'Aventures - R\u00e9cits D&#039;Aventures","og_description":"Road trip&nbsp;: le Nord-Ouest de l\u2019Espagne en 10 jours Bretagne, mes lieux m\u00e9connus pr\u00e9f\u00e9r\u00e9s Road trip : la Bretagne en 15 jours Fouesnant, \u00e0 la d\u00e9couverte de ma ville de c\u0153ur F\u00e9camp, week-end totalement insolite J\u2019ai ski\u00e9 dans le d\u00e9sert de Huacachina au P\u00e9rou ! Lire l&rsquo;Article A force de balades, de recherches, d\u2019explorations et ... Lire la suite","og_url":"https:\/\/recitsdaventures.fr\/","og_site_name":"R\u00e9cits D&#039;Aventures","article_modified_time":"2024-10-28T03:19:04+00:00","twitter_card":"summary_large_image","twitter_misc":{"Dur\u00e9e de lecture estim\u00e9e":"2 minutes"},"schema":{"@context":"https:\/\/schema.org","@graph":[{"@type":"WebPage","@id":"https:\/\/recitsdaventures.fr\/","url":"https:\/\/recitsdaventures.fr\/","name":"Bienvenue sur R\u00e9cits d'Aventures - R\u00e9cits D&#039;Aventures","isPartOf":{"@id":"https:\/\/recitsdaventures.fr\/#website"},"datePublished":"2024-10-04T00:34:41+00:00","dateModified":"2024-10-28T03:19:04+00:00","breadcrumb":{"@id":"https:\/\/recitsdaventures.fr\/#breadcrumb"},"inLanguage":"fr-FR","potentialAction":[{"@type":"ReadAction","target":["https:\/\/recitsdaventures.fr\/"]}]},{"@type":"BreadcrumbList","@id":"https:\/\/recitsdaventures.fr\/#breadcrumb","itemListElement":[{"@type":"ListItem","position":1,"name":"Accueil","item":"https:\/\/recitsdaventures.fr\/"},{"@type":"ListItem","position":2,"name":"Bienvenue sur R\u00e9cits d&rsquo;Aventures"}]},{"@type":"WebSite","@id":"https:\/\/recitsdaventures.fr\/#website","url":"https:\/\/recitsdaventures.fr\/","name":"R\u00e9cits D'Aventures","description":"recit","potentialAction":[{"@type":"SearchAction","target":{"@type":"EntryPoint","urlTemplate":"https:\/\/recitsdaventures.fr\/?s={search_term_string}"},"query-input":{"@type":"PropertyValueSpecification","valueRequired":true,"valueName":"search_term_string"}}],"inLanguage":"fr-FR"}]}},"_links":{"self":[{"href":"https:\/\/recitsdaventures.fr\/index.php?rest_route=\/wp\/v2\/pages\/10","targetHints":{"allow":["GET"]}}],"collection":[{"href":"https:\/\/recitsdaventures.fr\/index.php?rest_route=\/wp\/v2\/pages"}],"about":[{"href":"https:\/\/recitsdaventures.fr\/index.php?rest_route=\/wp\/v2\/types\/page"}],"author":[{"embeddable":true,"href":"https:\/\/recitsdaventures.fr\/index.php?rest_route=\/wp\/v2\/users\/1"}],"replies":[{"embeddable":true,"href":"https:\/\/recitsdaventures.fr\/index.php?rest_route=%2Fwp%2Fv2%2Fcomments&post=10"}],"version-history":[{"count":4,"href":"https:\/\/recitsdaventures.fr\/index.php?rest_route=\/wp\/v2\/pages\/10\/revisions"}],"predecessor-version":[{"id":25,"href":"https:\/\/recitsdaventures.fr\/index.php?rest_route=\/wp\/v2\/pages\/10\/revisions\/25"}],"wp:attachment":[{"href":"https:\/\/recitsdaventures.fr\/index.php?rest_route=%2Fwp%2Fv2%2Fmedia&parent=10"}],"curies":[{"name":"wp","href":"https:\/\/api.w.org\/{rel}","templated":true}]}}